{"id":4094,"date":"2022-01-25T03:53:03","date_gmt":"2022-01-25T09:53:03","guid":{"rendered":"https:\/\/celioavitex.com\/servicios\/tenido\/"},"modified":"2022-04-26T13:05:51","modified_gmt":"2022-04-26T19:05:51","slug":"tenido","status":"publish","type":"page","link":"https:\/\/celioavitex.com\/es\/servicios\/tenido\/","title":{"rendered":"Te\u00f1ido"},"content":{"rendered":"\t\t<div data-elementor-type=\"wp-post\" data-elementor-id=\"4094\" class=\"elementor elementor-4094 elementor-3133\" data-elementor-post-type=\"page\">\n\t\t\t\t\t\t<section class=\"elementor-section elementor-top-section elementor-element elementor-element-8054202 elementor-section-boxed elementor-section-height-default elementor-section-height-default\" data-id=\"8054202\" data-element_type=\"section\" data-e-type=\"section\" data-settings=\"{&quot;background_background&quot;:&quot;classic&quot;}\">\n\t\t\t\t\t\t\t<div class=\"elementor-background-overlay\"><\/div>\n\t\t\t\t\t\t\t<div class=\"elementor-container elementor-column-gap-default\">\n\t\t\t\t\t<div class=\"elementor-column elementor-col-100 elementor-top-column elementor-element elementor-element-42a44a7\" data-id=\"42a44a7\" data-element_type=\"column\" data-e-type=\"column\">\n\t\t\t<div class=\"elementor-widget-wrap elementor-element-populated\">\n\t\t\t\t\t\t<div class=\"elementor-element elementor-element-1e6cb97 elementor-view-default elementor-widget elementor-widget-icon\" data-id=\"1e6cb97\" data-element_type=\"widget\" data-e-type=\"widget\" data-widget_type=\"icon.default\">\n\t\t\t\t<div class=\"elementor-widget-container\">\n\t\t\t\t\t\t\t<div class=\"elementor-icon-wrapper\">\n\t\t\t<div class=\"elementor-icon\">\n\t\t\t<svg xmlns=\"http:\/\/www.w3.org\/2000\/svg\" width=\"100%\" viewBox=\"0 0 335 335\" fill=\"currentColor\"><path fill-rule=\"evenodd\" clip-rule=\"evenodd\" d=\"M158.235 0.242649C114.755 2.71465 79.288 18.6046 48.676 49.3276C15.514 82.6086 0 120.307 0 167.601C0 215.29 15.789 253.269 49.561 286.817C76.104 313.184 106.652 328.441 143.235 333.604C155.188 335.291 181.66 335.075 193.735 333.192C229.369 327.637 259.33 312.255 285.529 286.066C311.848 259.757 327.347 229.607 332.804 194.101C334.82 180.985 334.82 154.217 332.804 141.101C325.331 92.4806 295.828 49.1656 252.235 22.8146C226.055 6.98965 190.353 -1.58335 158.235 0.242649ZM189.735 12.0407C226.723 17.8107 253.601 31.7507 279.783 58.7416C291.167 70.4776 297.714 79.0907 305.143 92.0987C327.076 130.508 330.232 182.371 313.307 226.258C300.757 258.8 269.675 292.268 236.486 308.973C216.545 319.01 191.873 324.565 167.235 324.565C124.575 324.565 88.029 309.554 57.478 279.482C25.669 248.172 10.235 211.622 10.235 167.601C10.235 123.58 25.669 87.0297 57.478 55.7197C82.353 31.2347 109.285 17.6187 143.735 12.1097C154.641 10.3657 178.765 10.3287 189.735 12.0407ZM170.509 63.6697C168.124 64.8637 165.293 67.3786 164.009 69.4426C161.765 73.0526 161.731 73.5947 161.428 110.52L161.122 147.939L153.604 140.52C149.469 136.439 144.282 130.969 142.078 128.364L138.07 123.626L140.152 120.979C145.824 113.769 139.439 107.081 132.545 113.011L129.743 115.421L115.967 101.945C100.185 86.5066 96.476 84.3066 86.235 84.3066C70.473 84.3066 58.941 95.8387 58.941 111.601C58.941 122.051 61.253 125.94 76.779 141.609L90.254 155.209L87.244 158.092C83.578 161.605 83.369 164.988 86.686 167.161C89.6 169.07 92.074 168.466 95.269 165.065L97.62 162.563L125.677 190.456C145.753 210.415 154.775 218.718 157.391 219.642L161.047 220.935L161.415 238.518C161.814 257.58 162.485 260.293 167.846 264.509C172.567 268.223 177.24 268.741 203.075 268.414C225.83 268.125 228.005 267.942 231.232 266.047C233.155 264.917 235.742 262.488 236.982 260.649L239.235 257.305V165.101V72.8967L236.985 69.5907C235.747 67.7727 233.465 65.3436 231.914 64.1926C229.238 62.2076 227.696 62.0866 201.914 61.8266C175.944 61.5656 174.547 61.6477 170.509 63.6697ZM227.839 74.0716C228.991 75.6496 229.224 79.6366 229.007 94.0716L228.735 112.101H200.735H172.735L172.461 95.4777C172.17 77.7647 172.807 74.1297 176.47 72.6037C177.728 72.0797 189.332 71.7577 202.567 71.8807C224.99 72.0877 226.484 72.2176 227.839 74.0716ZM92.602 96.1047C94.346 96.9317 101.607 103.457 108.738 110.604L121.705 123.6L109.735 135.601L97.765 147.602L85.394 135.352C72.61 122.693 69.295 117.795 69.257 111.508C69.186 99.9617 82.383 91.2557 92.602 96.1047ZM229.235 142.101V161.601H202.095C177.421 161.601 174.835 161.442 173.627 159.851C172.646 158.558 172.29 153.637 172.267 141.018C172.249 131.622 172.535 123.634 172.902 123.268C173.268 122.901 186.093 122.601 201.402 122.601H229.235V142.101ZM159.566 161.316C172.859 174.634 184.277 186.784 184.94 188.316C189.55 198.973 180.919 211.608 169.035 211.597C166.626 211.595 163.408 210.784 161.718 209.753C160.058 208.741 146.608 196.031 131.828 181.507L104.956 155.101L117.29 143.351L129.625 131.6L132.511 134.351C134.099 135.863 146.273 147.998 159.566 161.316ZM229.235 193.101V212.601H221.935C213.941 212.601 212.235 213.494 212.235 217.679C212.235 221.541 213.953 222.463 221.777 222.801L228.735 223.101L229.012 237.985C229.238 250.086 229 253.311 227.739 255.235L226.189 257.601H200.834C178.486 257.601 175.317 257.405 174.107 255.95C173.069 254.701 172.735 250.376 172.735 238.2C172.735 222.266 172.758 222.098 174.985 221.781C176.725 221.534 177.235 221.954 177.235 223.631C177.235 226.926 183.394 232.634 186.166 231.909C189.849 230.946 190.854 227.301 188.735 222.601C185.439 215.291 190.111 210.507 196.618 214.529C198.462 215.669 200.48 216.601 201.103 216.601C202.967 216.601 206.235 212.75 206.235 210.553C206.235 208.07 201.888 203.835 198.902 203.41C196.892 203.123 196.73 202.522 196.672 195.101C196.604 186.453 194.863 181.729 189.762 176.351L187.154 173.601H208.195H229.235V193.101Z\" fill=\"currentColor\"><\/path><\/svg>\t\t\t<\/div>\n\t\t<\/div>\n\t\t\t\t\t\t<\/div>\n\t\t\t\t<\/div>\n\t\t\t\t<div class=\"elementor-element elementor-element-d8d2523 elementor-widget elementor-widget-heading\" data-id=\"d8d2523\" data-element_type=\"widget\" data-e-type=\"widget\" data-widget_type=\"heading.default\">\n\t\t\t\t<div class=\"elementor-widget-container\">\n\t\t\t\t\t<h1 class=\"elementor-heading-title elementor-size-default\">Te\u00f1ido<\/h1>\t\t\t\t<\/div>\n\t\t\t\t<\/div>\n\t\t\t\t<div class=\"elementor-element elementor-element-f952bcc elementor-widget elementor-widget-wp-widget-bcn_widget\" data-id=\"f952bcc\" data-element_type=\"widget\" data-e-type=\"widget\" data-widget_type=\"wp-widget-bcn_widget.default\">\n\t\t\t\t<div class=\"elementor-widget-container\">\n\t\t\t\t\t<div class=\"breadcrumbs\" vocab=\"https:\/\/schema.org\/\" typeof=\"BreadcrumbList\"><span property=\"itemListElement\" typeof=\"ListItem\"><a property=\"item\" typeof=\"WebPage\" title=\"Ir a Celio Avitex.\" href=\"https:\/\/celioavitex.com\/es\/\" class=\"home\" aria-current=\"page\"><span property=\"name\">Celio Avitex<\/span><\/a><meta property=\"position\" content=\"1\"><\/span><\/div>\t\t\t\t<\/div>\n\t\t\t\t<\/div>\n\t\t\t\t\t<\/div>\n\t\t<\/div>\n\t\t\t\t\t<\/div>\n\t\t<\/section>\n\t\t\t\t<section class=\"elementor-section elementor-top-section elementor-element elementor-element-59cb6a9 elementor-section-boxed elementor-section-height-default elementor-section-height-default\" data-id=\"59cb6a9\" data-element_type=\"section\" data-e-type=\"section\">\n\t\t\t\t\t\t<div class=\"elementor-container elementor-column-gap-default\">\n\t\t\t\t\t<div class=\"elementor-column elementor-col-50 elementor-top-column elementor-element elementor-element-31b5355 elementor-invisible\" data-id=\"31b5355\" data-element_type=\"column\" data-e-type=\"column\" data-settings=\"{&quot;background_background&quot;:&quot;classic&quot;,&quot;animation&quot;:&quot;fadeIn&quot;}\">\n\t\t\t<div class=\"elementor-widget-wrap elementor-element-populated\">\n\t\t\t\t\t\t<div class=\"elementor-element elementor-element-bbe559c elementor-widget elementor-widget-text-editor\" data-id=\"bbe559c\" data-element_type=\"widget\" data-e-type=\"widget\" data-widget_type=\"text-editor.default\">\n\t\t\t\t<div class=\"elementor-widget-container\">\n\t\t\t\t\t\t\t\t\t<p>Contamos con nuestro propio laboratorio de color, para la igualaci\u00f3n de colores y tonalidades seg\u00fan los requerimientos de cada cliente. El te\u00f1ido directamente de los hilos nos da la agilidad para la entrega de colores especiales en menos tiempo.&nbsp;<\/p>\t\t\t\t\t\t\t\t<\/div>\n\t\t\t\t<\/div>\n\t\t\t\t\t<\/div>\n\t\t<\/div>\n\t\t\t\t<div class=\"elementor-column elementor-col-50 elementor-top-column elementor-element elementor-element-65d2121 elementor-invisible\" data-id=\"65d2121\" data-element_type=\"column\" data-e-type=\"column\" data-settings=\"{&quot;background_background&quot;:&quot;slideshow&quot;,&quot;animation&quot;:&quot;fadeIn&quot;,&quot;animation_delay&quot;:200,&quot;background_slideshow_gallery&quot;:[{&quot;id&quot;:4716,&quot;url&quot;:&quot;https:\\\/\\\/celioavitex.com\\\/wp-content\\\/uploads\\\/2022\\\/04\\\/Dyeing2-1.jpg&quot;},{&quot;id&quot;:4714,&quot;url&quot;:&quot;https:\\\/\\\/celioavitex.com\\\/wp-content\\\/uploads\\\/2022\\\/04\\\/Dyeing1-1.jpg&quot;}],&quot;background_slideshow_slide_duration&quot;:2000,&quot;background_slideshow_loop&quot;:&quot;yes&quot;,&quot;background_slideshow_slide_transition&quot;:&quot;fade&quot;,&quot;background_slideshow_transition_duration&quot;:500}\">\n\t\t\t<div class=\"elementor-widget-wrap elementor-element-populated\">\n\t\t\t\t\t\t<div class=\"elementor-element elementor-element-e783d8d elementor-widget elementor-widget-spacer\" data-id=\"e783d8d\" data-element_type=\"widget\" data-e-type=\"widget\" data-widget_type=\"spacer.default\">\n\t\t\t\t<div class=\"elementor-widget-container\">\n\t\t\t\t\t\t\t<div class=\"elementor-spacer\">\n\t\t\t<div class=\"elementor-spacer-inner\"><\/div>\n\t\t<\/div>\n\t\t\t\t\t\t<\/div>\n\t\t\t\t<\/div>\n\t\t\t\t\t<\/div>\n\t\t<\/div>\n\t\t\t\t\t<\/div>\n\t\t<\/section>\n\t\t\t\t<section class=\"elementor-section elementor-top-section elementor-element elementor-element-340323c elementor-reverse-mobile elementor-section-boxed elementor-section-height-default elementor-section-height-default\" data-id=\"340323c\" data-element_type=\"section\" data-e-type=\"section\">\n\t\t\t\t\t\t<div class=\"elementor-container elementor-column-gap-default\">\n\t\t\t\t\t<div class=\"elementor-column elementor-col-50 elementor-top-column elementor-element elementor-element-26b1824 elementor-invisible\" data-id=\"26b1824\" data-element_type=\"column\" data-e-type=\"column\" data-settings=\"{&quot;background_background&quot;:&quot;classic&quot;,&quot;animation&quot;:&quot;fadeIn&quot;}\">\n\t\t\t<div class=\"elementor-widget-wrap elementor-element-populated\">\n\t\t\t\t\t\t<div class=\"elementor-element elementor-element-64d6bf5 elementor-widget elementor-widget-spacer\" data-id=\"64d6bf5\" data-element_type=\"widget\" data-e-type=\"widget\" data-widget_type=\"spacer.default\">\n\t\t\t\t<div class=\"elementor-widget-container\">\n\t\t\t\t\t\t\t<div class=\"elementor-spacer\">\n\t\t\t<div class=\"elementor-spacer-inner\"><\/div>\n\t\t<\/div>\n\t\t\t\t\t\t<\/div>\n\t\t\t\t<\/div>\n\t\t\t\t\t<\/div>\n\t\t<\/div>\n\t\t\t\t<div class=\"elementor-column elementor-col-50 elementor-top-column elementor-element elementor-element-d515bb6 elementor-invisible\" data-id=\"d515bb6\" data-element_type=\"column\" data-e-type=\"column\" data-settings=\"{&quot;background_background&quot;:&quot;classic&quot;,&quot;animation&quot;:&quot;fadeIn&quot;,&quot;animation_delay&quot;:200}\">\n\t\t\t<div class=\"elementor-widget-wrap elementor-element-populated\">\n\t\t\t\t\t\t<div class=\"elementor-element elementor-element-1d5adc2 elementor-widget elementor-widget-text-editor\" data-id=\"1d5adc2\" data-element_type=\"widget\" data-e-type=\"widget\" data-widget_type=\"text-editor.default\">\n\t\t\t\t<div class=\"elementor-widget-container\">\n\t\t\t\t\t\t\t\t\tSomos conscientes del cuidado de nuestros recursos naturales por lo que utilizamos eco colorantes y auxiliares certificados por Oeko-Tex Standar 100 de alta calidad para obtener colores mas intensos y duraderos sin perjudicar nuestro medio ambiente.\n\t\t\t\t\t\t\t\t<\/div>\n\t\t\t\t<\/div>\n\t\t\t\t\t<\/div>\n\t\t<\/div>\n\t\t\t\t\t<\/div>\n\t\t<\/section>\n\t\t\t\t<\/div>\n\t\t","protected":false},"excerpt":{"rendered":"<p>Contamos con nuestro propio laboratorio de color, para la igualaci\u00f3n de colores y tonalidades seg\u00fan los requerimientos de cada cliente. El te\u00f1ido directamente de los hilos nos da la agilidad para la entrega de colores especiales en menos tiempo.&nbsp; Somos conscientes del cuidado de nuestros recursos naturales por lo que utilizamos eco colorantes y auxiliares [&hellip;]<\/p>\n","protected":false},"author":3,"featured_media":4713,"parent":4079,"menu_order":2,"comment_status":"closed","ping_status":"closed","template":"elementor_header_footer","meta":{"footnotes":""},"class_list":["post-4094","page","type-page","status-publish","has-post-thumbnail","hentry"],"_links":{"self":[{"href":"https:\/\/celioavitex.com\/es\/wp-json\/wp\/v2\/pages\/4094","targetHints":{"allow":["GET"]}}],"collection":[{"href":"https:\/\/celioavitex.com\/es\/wp-json\/wp\/v2\/pages"}],"about":[{"href":"https:\/\/celioavitex.com\/es\/wp-json\/wp\/v2\/types\/page"}],"author":[{"embeddable":true,"href":"https:\/\/celioavitex.com\/es\/wp-json\/wp\/v2\/users\/3"}],"replies":[{"embeddable":true,"href":"https:\/\/celioavitex.com\/es\/wp-json\/wp\/v2\/comments?post=4094"}],"version-history":[{"count":0,"href":"https:\/\/celioavitex.com\/es\/wp-json\/wp\/v2\/pages\/4094\/revisions"}],"up":[{"embeddable":true,"href":"https:\/\/celioavitex.com\/es\/wp-json\/wp\/v2\/pages\/4079"}],"wp:featuredmedia":[{"embeddable":true,"href":"https:\/\/celioavitex.com\/es\/wp-json\/wp\/v2\/media\/4713"}],"wp:attachment":[{"href":"https:\/\/celioavitex.com\/es\/wp-json\/wp\/v2\/media?parent=4094"}],"curies":[{"name":"wp","href":"https:\/\/api.w.org\/{rel}","templated":true}]}}